{"id":14,"date":"2019-06-19T12:52:16","date_gmt":"2019-06-19T10:52:16","guid":{"rendered":"https:\/\/rozstaje.art\/?page_id=14"},"modified":"2020-11-09T16:09:46","modified_gmt":"2020-11-09T15:09:46","slug":"o-stowarzyszeniu","status":"publish","type":"page","link":"https:\/\/rozstaje.art\/en\/o-stowarzyszeniu\/","title":{"rendered":"About Us"},"content":{"rendered":"<p>Portal &#8222;Rozstaje&#8221; powsta\u0142 jako rezultat dzia\u0142a\u0144 grupy t\u0142umaczy, pisarzy i animator\u00f3w kultury, kt\u00f3rzy dzia\u0142ali pod parasolem Stowarzyszenia Animacji Kultury\u00a0 ogranicza Folkowisko. Kierownikiem dzia\u0142a\u0144 by\u0142 Maciej Piotrowski, ale nie zrobi\u0142by nic bez wsparcia ca\u0142ej, dzielnie pracuj\u0105cej grupy translatorskiej, w kt\u00f3rej sk\u0142ad weszli: Natalia Tkaczyk, Weronika Gogola, Walery Butewicz, Polina Kozerenko, Paulina Ciucka, Miroslav Tomek, Mi\u0142osz Walig\u00f3rski, Mila Gavrilovi\u0107, Marius Burokas, Marians Ri\u017eijs (pseudonim M\u0101ris Sal\u0113js), Marcin Gaczkowski, Joanna Bernatowicz, Jelena Jovi\u0107, Daniel Warmuz, \u00c1ron Z\u00f6ldy, Alexej Sevruk (\u041e\u043b\u0435\u043a\u0441\u0456\u0439 \u0421\u0435\u0432\u0440\u0443\u043a), Alexander Hor\u00e1k, Aleksandra Wojtaszek, Agnieszka Sowi\u0144ska, Agnieszka Rembia\u0142kowska (kolejno\u015b\u0107 losowa). W drugiej edycji do tego grona do\u0142\u0105czyli t\u0142umacze Piotr Braszak, Jana Karpienko, Karolina Wilamowska, Agata Wr\u00f3bel. W 2020 Rozstaje wzmocni\u0142y si\u0119 tak\u017ce o grup\u0119 artyst\u00f3w sztuk wizualnych Ann\u0119 Walig\u00f3rsk\u0105, Elen\u0119 Vertikov\u0105, Jan\u0119 \u010cep\u0119, Ma\u0142gorzat\u0119 Kawk\u0119 i Jana Ka\u017amierczuka.<\/p>\n<p>You can read more about the idea and history of the Rozstaje workshops in our <a href=\"https:\/\/rozstaje.art\/en\/manifest\/\">Manifesto.<\/a> <a href=\"https:\/\/rozstaje.art\/en\/aktualnosc\/rozstaje-2020-relacja-z-translatorskiego-eksperymentu\/\">pod tym linkiem<\/a>.<\/p>\n<p>Opr\u00f3cz przeprowadzania tygodniowych warsztat\u00f3w w czerwcu 2019 w Gorajcu oraz wrze\u015bniu 2020, portal promowali\u015bmy na \u017cywo &#8211; byli\u015bmy ju\u017c na Festiwalu Stolica J\u0119zyka Polskiego w Szczebrzeszynie, Novotvar Festivalu w Bratys\u0142awie, Tabook Festival w czeskim Taborze, PestText Festivalu w Budapeszcie i Festiwalu Folkowisko w Gorajcu.<\/p>\n<p>The organizer of the project, the Folkowisko Association, has been operating in Gorajec since 2011: looking after a wooden church, organising the <a href=\"http:\/\/folkowisko.pl\">Folkowisko Festival<\/a> and Peasant Freedom Day, building eco-trails, and collecting and writing down stories. We also travel the world, talking about rural culture, regionalism, music and borderland literature.<\/p>\n<p>You can learn more about us on the <a href=\"http:\/\/folkowisko.gorajec.info\">Association\u2019s website.<\/a>The village itself is located in Roztocze Wschodnie, near the border with Ukraine, where you are cordially invited.<\/p>\n<p>The project was made possible thanks to funding from the Visegrad Fund, which we would like to thank for the support.<\/p>","protected":false},"excerpt":{"rendered":"<p>Portal &#8222;Rozstaje&#8221; powsta\u0142 jako rezultat dzia\u0142a\u0144 grupy t\u0142umaczy, pisarzy i animator\u00f3w kultury, kt\u00f3rzy dzia\u0142ali pod parasolem Stowarzyszenia Animacji Kultury\u00a0 ogranicza Folkowisko. Kierownikiem dzia\u0142a\u0144 by\u0142 Maciej Piotrowski, ale nie zrobi\u0142by nic bez wsparcia ca\u0142ej, dzielnie pracuj\u0105cej grupy translatorskiej, w kt\u00f3rej sk\u0142ad weszli: Natalia Tkaczyk, Weronika Gogola, Walery Butewicz, Polina Kozerenko, Paulina Ciucka, Miroslav Tomek, Mi\u0142osz Walig\u00f3rski, [&hellip;]<\/p>","protected":false},"author":4,"featured_media":0,"parent":0,"menu_order":0,"comment_status":"closed","ping_status":"closed","template":"","meta":[],"yoast_head":"<!-- This site is optimized with the Yoast SEO plugin v16.6.1 - https:\/\/yoast.com\/wordpress\/plugins\/seo\/ -->\n<meta name=\"robots\" content=\"index, follow, max-snippet:-1, max-image-preview:large, max-video-preview:-1\" \/>\n<link rel=\"canonical\" href=\"https:\/\/rozstaje.art\/en\/o-stowarzyszeniu\/\" \/>\n<meta property=\"og:locale\" content=\"en_GB\" \/>\n<meta property=\"og:type\" content=\"article\" \/>\n<meta property=\"og:title\" content=\"O nas - Rozstaje\" \/>\n<meta property=\"og:description\" content=\"Portal &#8222;Rozstaje&#8221; powsta\u0142 jako rezultat dzia\u0142a\u0144 grupy t\u0142umaczy, pisarzy i animator\u00f3w kultury, kt\u00f3rzy dzia\u0142ali pod parasolem Stowarzyszenia Animacji Kultury\u00a0 ogranicza Folkowisko. Kierownikiem dzia\u0142a\u0144 by\u0142 Maciej Piotrowski, ale nie zrobi\u0142by nic bez wsparcia ca\u0142ej, dzielnie pracuj\u0105cej grupy translatorskiej, w kt\u00f3rej sk\u0142ad weszli: Natalia Tkaczyk, Weronika Gogola, Walery Butewicz, Polina Kozerenko, Paulina Ciucka, Miroslav Tomek, Mi\u0142osz Walig\u00f3rski, [&hellip;]\" \/>\n<meta property=\"og:url\" content=\"https:\/\/rozstaje.art\/en\/o-stowarzyszeniu\/\" \/>\n<meta property=\"og:site_name\" content=\"Rozstaje\" \/>\n<meta property=\"article:modified_time\" content=\"2020-11-09T15:09:46+00:00\" \/>\n<meta name=\"twitter:card\" content=\"summary_large_image\" \/>\n<meta name=\"twitter:label1\" content=\"Estimated reading time\" \/>\n\t<meta name=\"twitter:data1\" content=\"2 minutes\" \/>\n<script type=\"application\/ld+json\" class=\"yoast-schema-graph\">{\"@context\":\"https:\/\/schema.org\",\"@graph\":[{\"@type\":\"WebSite\",\"@id\":\"https:\/\/rozstaje.art\/#website\",\"url\":\"https:\/\/rozstaje.art\/\",\"name\":\"Rozstaje\",\"description\":\"Portal literacki\",\"potentialAction\":[{\"@type\":\"SearchAction\",\"target\":{\"@type\":\"EntryPoint\",\"urlTemplate\":\"https:\/\/rozstaje.art\/?s={search_term_string}\"},\"query-input\":\"required name=search_term_string\"}],\"inLanguage\":\"en-GB\"},{\"@type\":\"WebPage\",\"@id\":\"https:\/\/rozstaje.art\/o-stowarzyszeniu\/#webpage\",\"url\":\"https:\/\/rozstaje.art\/o-stowarzyszeniu\/\",\"name\":\"O nas - Rozstaje\",\"isPartOf\":{\"@id\":\"https:\/\/rozstaje.art\/#website\"},\"datePublished\":\"2019-06-19T10:52:16+00:00\",\"dateModified\":\"2020-11-09T15:09:46+00:00\",\"breadcrumb\":{\"@id\":\"https:\/\/rozstaje.art\/o-stowarzyszeniu\/#breadcrumb\"},\"inLanguage\":\"en-GB\",\"potentialAction\":[{\"@type\":\"ReadAction\",\"target\":[\"https:\/\/rozstaje.art\/o-stowarzyszeniu\/\"]}]},{\"@type\":\"BreadcrumbList\",\"@id\":\"https:\/\/rozstaje.art\/o-stowarzyszeniu\/#breadcrumb\",\"itemListElement\":[{\"@type\":\"ListItem\",\"position\":1,\"name\":\"Strona g\\u0142\\u00f3wna\",\"item\":\"https:\/\/rozstaje.art\/\"},{\"@type\":\"ListItem\",\"position\":2,\"name\":\"O nas\"}]}]}<\/script>\n<!-- \/ Yoast SEO plugin. -->","_links":{"self":[{"href":"https:\/\/rozstaje.art\/en\/wp-json\/wp\/v2\/pages\/14"}],"collection":[{"href":"https:\/\/rozstaje.art\/en\/wp-json\/wp\/v2\/pages"}],"about":[{"href":"https:\/\/rozstaje.art\/en\/wp-json\/wp\/v2\/types\/page"}],"author":[{"embeddable":true,"href":"https:\/\/rozstaje.art\/en\/wp-json\/wp\/v2\/users\/4"}],"replies":[{"embeddable":true,"href":"https:\/\/rozstaje.art\/en\/wp-json\/wp\/v2\/comments?post=14"}],"version-history":[{"count":7,"href":"https:\/\/rozstaje.art\/en\/wp-json\/wp\/v2\/pages\/14\/revisions"}],"predecessor-version":[{"id":2231,"href":"https:\/\/rozstaje.art\/en\/wp-json\/wp\/v2\/pages\/14\/revisions\/2231"}],"wp:attachment":[{"href":"https:\/\/rozstaje.art\/en\/wp-json\/wp\/v2\/media?parent=14"}],"curies":[{"name":"wp","href":"https:\/\/api.w.org\/{rel}","templated":true}]}}