{"id":3354,"date":"2022-09-14T10:07:12","date_gmt":"2022-09-14T08:07:12","guid":{"rendered":"https:\/\/rozstaje.art\/?page_id=3354"},"modified":"2022-09-16T15:51:50","modified_gmt":"2022-09-16T13:51:50","slug":"stipendia","status":"publish","type":"page","link":"https:\/\/rozstaje.art\/be\/stipendia\/","title":{"rendered":"\u0421\u0442\u0438\u043f\u0435\u043d\u0434\u0456\u044f"},"content":{"rendered":"<p style=\"text-align: center;\"><b>\u0417\u0430\u043f\u0440\u043e\u0448\u0443\u0454\u043c\u043e \u0412\u0430\u0441 \u0432\u0437\u044f\u0442\u0438 \u0443\u0447\u0430\u0441\u0442\u044c \u0443 \u043a\u043e\u043d\u043a\u0443\u0440\u0441\u043d\u043e\u043c\u0443 \u0434\u043e\u0431\u043e\u0440\u0456 \u0432 \u0440\u0430\u043c\u043a\u0430\u0445 \u043f\u0435\u0440\u0448\u043e\u0433\u043e \u0442\u0443\u0440\u0443 \u0441\u0442\u0438\u043f\u0435\u043d\u0434\u0456\u0430\u043b\u044c\u043d\u043e\u0457 \u043f\u0440\u043e\u0433\u0440\u0430\u043c\u0438 Rozstaje 2022, \u0441\u043a\u0435\u0440\u043e\u0432\u0430\u043d\u043e\u0433\u043e \u0434\u043e \u0443\u043a\u0440\u0430\u0457\u043d\u0441\u044c\u043a\u0438\u0445 \u0440\u0435\u043f\u043e\u0440\u0442\u0430\u0436\u0438\u0441\u0442\u0456\u0432 \u0442\u0430 \u0435\u0441\u0435\u0457\u0441\u0442\u0456\u0432<\/b><\/p>\n<p style=\"text-align: center;\"><b>\u0423 \u043f\u0435\u0440\u0448\u043e\u043c\u0443 \u0442\u0443\u0440\u0456 \u0421\u0442\u0438\u043f\u0435\u043d\u0434\u0456\u0430\u043b\u044c\u043d\u043e\u0457 \u043f\u0440\u043e\u0433\u0440\u0430\u043c\u0438 Rozstaje 2022 \u0441\u0442\u0438\u043f\u0435\u043d\u0434\u0456\u044e \u043e\u0442\u0440\u0438\u043c\u0430\u044e\u0442\u044c 3 \u043a\u0430\u043d\u0434\u0438\u0434\u0430\u0442\u0438.<\/b><\/p>\n<p><b>\u041d\u0430\u0448\u0430 \u043c\u0435\u0442\u0430:<\/b><\/p>\n<ul>\n<li style=\"font-weight: 400;\" aria-level=\"1\"><span style=\"font-weight: 400;\">\u0444\u0456\u043d\u0430\u043d\u0441\u043e\u0432\u0435 \u0442\u0430 \u0444\u0430\u0445\u043e\u0432\u0435 \u0441\u043f\u0440\u0438\u044f\u043d\u043d\u044f \u0443\u043a\u0440\u0430\u0457\u043d\u0441\u044c\u043a\u0438\u043c \u0440\u0435\u043f\u043e\u0440\u0442\u0430\u0436\u0438\u0441\u0442\u0430\u043c\/\u0435\u0441\u0435\u0457\u0441\u0442\u0430\u043c, \u044f\u043a\u0456 \u0443 \u0441\u0432\u043e\u0457\u0439 \u0442\u0432\u043e\u0440\u0447\u043e\u0441\u0442\u0456 \u0432\u0438\u0441\u0432\u0456\u0442\u043b\u044e\u044e\u0442\u044c \u0430\u043a\u0442\u0443\u0430\u043b\u044c\u043d\u0443 \u0441\u0443\u0441\u043f\u0456\u043b\u044c\u043d\u043e-\u043f\u043e\u043b\u0456\u0442\u0438\u0447\u043d\u0443 \u0441\u0438\u0442\u0443\u0430\u0446\u0456\u044e \u0432 \u0423\u043a\u0440\u0430\u0457\u043d\u0456;<\/span><\/li>\n<li style=\"font-weight: 400;\" aria-level=\"1\"><span style=\"font-weight: 400;\">\u043f\u043e\u043f\u0443\u043b\u044f\u0440\u0438\u0437\u0430\u0446\u0456\u044f \u0437\u043d\u0430\u043d\u044c \u043f\u0440\u043e \u0423\u043a\u0440\u0430\u0457\u043d\u0443;<\/span><\/li>\n<\/ul>\n<p><b>\u0425\u0442\u043e \u043c\u043e\u0436\u0435 \u0432\u0437\u044f\u0442\u0438 \u0443\u0447\u0430\u0441\u0442\u044c:<\/b><\/p>\n<ul>\n<li style=\"font-weight: 400;\" aria-level=\"1\"><span style=\"font-weight: 400;\">\u0433\u0440\u043e\u043c\u0430\u0434\u044f\u043d\u0438 \u0423\u043a\u0440\u0430\u0457\u043d\u0438, \u044f\u043a\u0456 \u043f\u0440\u043e\u0444\u0435\u0441\u0456\u0439\u043d\u043e \u0437\u0430\u0439\u043c\u0430\u044e\u0442\u044c\u0441\u044f \u043f\u0438\u0441\u044c\u043c\u0435\u043d\u043d\u0438\u0446\u044c\u043a\u043e\u044e \u0434\u0456\u044f\u043b\u044c\u043d\u0456\u0441\u0442\u044e \u0432 \u0436\u0430\u043d\u0440\u0456 \u0440\u0435\u043f\u043e\u0440\u0442\u0430\u0436\u0443\/\u0435\u0441\u0435\u044e \u0439 \u0443 \u043f\u0435\u0440\u0456\u043e\u0434 \u0440\u0435\u0430\u043b\u0456\u0437\u0430\u0446\u0456\u0457 \u0441\u0442\u0438\u043f\u0435\u043d\u0434\u0456\u0457 \u043f\u0435\u0440\u0435\u0431\u0443\u0432\u0430\u0442\u0438\u043c\u0443\u0442\u044c \u0432 \u0423\u043a\u0440\u0430\u0457\u043d\u0456;<\/span><\/li>\n<li style=\"font-weight: 400;\" aria-level=\"1\"><span style=\"font-weight: 400;\">\u0433\u0440\u043e\u043c\u0430\u0434\u044f\u043d\u0438 \u0442\u0440\u0435\u0442\u0456\u0445 \u043a\u0440\u0430\u0457\u043d, \u044f\u043a\u0456 \u043f\u0440\u043e\u0444\u0435\u0441\u0456\u0439\u043d\u043e \u0437\u0430\u0439\u043c\u0430\u044e\u0442\u044c\u0441\u044f \u043f\u0438\u0441\u044c\u043c\u0435\u043d\u043d\u0438\u0446\u044c\u043a\u043e\u044e \u0434\u0456\u044f\u043b\u044c\u043d\u0456\u0441\u0442\u044e \u0432 \u0436\u0430\u043d\u0440\u0456 \u0440\u0435\u043f\u043e\u0440\u0442\u0430\u0436\u0443\/\u0435\u0441\u0435\u044e, \u043f\u043e\u0441\u0442\u0456\u0439\u043d\u043e \u043f\u0440\u043e\u0436\u0438\u0432\u0430\u044e\u0442\u044c \u0432 \u0423\u043a\u0440\u0430\u0457\u043d\u0456, \u043f\u0438\u0448\u0443\u0442\u044c \u0443\u043a\u0440\u0430\u0457\u043d\u0441\u044c\u043a\u043e\u044e \u043c\u043e\u0432\u043e\u044e \u0439 \u0443 \u043f\u0435\u0440\u0456\u043e\u0434 \u0440\u0435\u0430\u043b\u0456\u0437\u0430\u0446\u0456\u0457 \u0441\u0442\u0438\u043f\u0435\u043d\u0434\u0456\u0457 \u043f\u0435\u0440\u0435\u0431\u0443\u0432\u0430\u0442\u0438\u043c\u0443\u0442\u044c \u0432 \u0423\u043a\u0440\u0430\u0457\u043d\u0456 ;<\/span><\/li>\n<\/ul>\n<p><b>\u0429\u043e \u043f\u0440\u043e\u043f\u043e\u043d\u0443\u0454\u043c\u043e:<\/b><\/p>\n<ul>\n<li style=\"font-weight: 400;\" aria-level=\"1\"><span style=\"font-weight: 400;\">3-\u0445 \u043c\u0456\u0441\u044f\u0447\u043d\u0430 \u0441\u0442\u0438\u043f\u0435\u043d\u0434\u0456\u044f \u0440\u043e\u0437\u043c\u0456\u0440\u043e\u043c 900 \u0454\u0432\u0440\u043e \u0431\u0440\u0443\u0442\u0442\u043e \u0432 \u043c\u0456\u0441\u044f\u0446\u044c;<\/span><\/li>\n<li style=\"font-weight: 400;\" aria-level=\"1\"><span style=\"font-weight: 400;\">\u0440\u0435\u0434\u0430\u043a\u0442\u043e\u0440\u0441\u044c\u043a\u0438\u0439 \u0441\u0443\u043f\u0440\u043e\u0432\u0456\u0434 \u0443 \u043f\u0456\u0434\u0433\u043e\u0442\u043e\u0432\u0446\u0456 \u0442\u0435\u043a\u0441\u0442\u0456\u0432;<\/span><\/li>\n<li style=\"font-weight: 400;\" aria-level=\"1\"><span style=\"font-weight: 400;\">\u043f\u0443\u0431\u043b\u0456\u043a\u0430\u0446\u0456\u044f \u0442\u0435\u043a\u0441\u0442\u0456\u0432 \u0443 \u0432\u0430\u0436\u043b\u0438\u0432\u0438\u0445 \u043f\u043e\u043b\u044c\u0441\u044c\u043a\u0438\u0445, \u0443\u0433\u043e\u0440\u0441\u044c\u043a\u0438\u0445, \u0441\u043b\u043e\u0432\u0430\u0446\u044c\u043a\u0438\u0445, \u0447\u0435\u0441\u044c\u043a\u0438\u0445 \u0417\u041c\u0406, \u0430 \u0442\u0430\u043a\u043e\u0436 \u043d\u0430 \u0430\u043d\u0433\u043b\u043e\u043c\u043e\u0432\u043d\u043e\u043c\u0443 \u043f\u043e\u0440\u0442\u0430\u043b\u0456 Global Voices;<\/span><\/li>\n<\/ul>\n<p><b>\u041a\u043e\u043b\u0438: <\/b><span style=\"font-weight: 400;\">\u0437\u0430\u044f\u0432\u043a\u0438 \u043d\u0430 \u0443\u0447\u0430\u0441\u0442\u044c \u0443 \u043a\u043e\u043d\u043a\u0443\u0440\u0441\u043d\u043e\u043c\u0443 \u0434\u043e\u0431\u043e\u0440\u0456 \u043f\u0440\u0438\u0439\u043c\u0430\u0454\u043c\u043e \u0434\u043e 7 \u0436\u043e\u0432\u0442\u043d\u044f 2022 \u0440\u043e\u043a\u0443.<\/span><\/p>\n<p><b>\u042f\u043a \u043f\u043e\u0434\u0430\u0442\u0438 \u0437\u0430\u044f\u0432\u043a\u0443:\u00a0<\/b><\/p>\n<p><span style=\"font-weight: 400;\">\u0417\u0430\u043f\u043e\u0432\u043d\u0456\u0442\u044c, \u0431\u0443\u0434\u044c \u043b\u0430\u0441\u043a\u0430, <a href=\"https:\/\/forms.gle\/LmdQGUaaaxRh2D3HA\">\u0430\u043f\u043b\u0456\u043a\u0430\u0446\u0456\u0439\u043d\u0443 \u0444\u043e\u0440\u043c\u0443.<\/a><\/span><\/p>\n<p><span style=\"font-weight: 400;\">\u041a\u0440\u0456\u043c \u0430\u0432\u0442\u043e\u0431\u0456\u043e\u0433\u0440\u0430\u0444\u0456\u0457 \u043d\u0435\u043e\u0431\u0445\u0456\u0434\u043d\u043e \u043f\u0440\u0438\u0433\u043e\u0442\u0443\u0432\u0430\u0442\u0438 \u043f\u0435\u0440\u0435\u043b\u0456\u043a \u0412\u0430\u0448\u0438\u0445 \u043d\u0430\u0439\u0432\u0430\u0436\u043b\u0438\u0432\u0456\u0448\u0438\u0445 \u043f\u0443\u0431\u043b\u0456\u043a\u0430\u0446\u0456\u0439 \u0442\u0430 \u043f\u0440\u0435\u0434\u0441\u0442\u0430\u0432\u0438\u0442\u0438 \u043a\u043e\u043d\u0446\u0435\u043f\u0446\u0456\u044e \u0434\u0432\u043e\u0445 \u043e\u0440\u0438\u0433\u0456\u043d\u0430\u043b\u044c\u043d\u0438\u0445, \u0430\u0432\u0442\u043e\u0440\u0441\u044c\u043a\u0438\u0445 \u043f\u0440\u043e\u0454\u043a\u0442\u0456\u0432 \u0440\u0435\u043f\u043e\u0440\u0442\u0430\u0436\u0456\u0432\/\u0435\u0441\u0435\u0457\u0432, \u044f\u043a\u0456 \u0432\u0438\u0441\u0432\u0456\u0442\u043b\u044e\u0432\u0430\u0442\u0438\u043c\u0443\u0442\u044c \u0430\u043a\u0442\u0443\u0430\u043b\u044c\u043d\u0443 \u0441\u0443\u0441\u043f\u0456\u043b\u044c\u043d\u043e-\u043f\u043e\u043b\u0456\u0442\u0438\u0447\u043d\u0443 \u0441\u0438\u0442\u0443\u0430\u0446\u0456\u044e \u0432 \u0423\u043a\u0440\u0430\u0457\u043d\u0456.<\/span><\/p>\n<p><b>\u041f\u0435\u0440\u0435\u0431\u0456\u0433 \u0421\u0442\u0438\u043f\u0435\u043d\u0434\u0456\u0430\u043b\u044c\u043d\u043e\u0457 \u043f\u0440\u043e\u0433\u0440\u0430\u043c\u0438:<\/b><\/p>\n<ul>\n<li style=\"font-weight: 400;\" aria-level=\"1\"><span style=\"font-weight: 400;\">\u0442\u0435\u0440\u043c\u0456\u043d \u043f\u0435\u0440\u0448\u043e\u0433\u043e \u0442\u0443\u0440\u0443 \u043f\u0440\u043e\u0433\u0440\u0430\u043c\u0438 \u0432\u0456\u0434 1 \u043b\u0438\u0441\u0442\u043e\u043f\u0430\u0434\u0430 2022 \u0434\u043e 31 \u0441\u0456\u0447\u043d\u044f 2023 \u0440\u043e\u043a\u0443;<\/span><\/li>\n<li style=\"font-weight: 400;\" aria-level=\"1\"><span style=\"font-weight: 400;\">\u0441\u0442\u0438\u043f\u0435\u043d\u0434\u0456\u0430\u0442 \u043c\u0430\u0454 \u043f\u0456\u0434\u0433\u043e\u0442\u0443\u0432\u0430\u0442\u0438 2 \u0442\u0435\u043a\u0441\u0442\u0438 (\u0440\u0435\u043f\u043e\u0440\u0442\u0430\u0436\/\u0435\u0441\u0435\u0439), \u044f\u043a\u0456 \u0441\u0442\u043e\u0441\u0443\u044e\u0442\u044c\u0441\u044f \u0430\u043a\u0442\u0443\u0430\u043b\u044c\u043d\u043e\u0457 \u0441\u043e\u0446\u0456\u0430\u043b\u044c\u043d\u043e-\u043f\u043e\u043b\u0456\u0442\u0438\u0447\u043d\u043e\u0457 \u0441\u0438\u0442\u0443\u0430\u0446\u0456\u0457 \u0432 \u0423\u043a\u0440\u0430\u0457\u043d\u0456. \u041e\u0431\u0441\u044f\u0433 \u0442\u0435\u043a\u0441\u0442\u0456\u0432 \u0432\u0456\u0434 12 \u0434\u043e 20 \u0442\u0438\u0441. \u0437\u043d\u0430\u043a\u0456\u0432;<\/span><\/li>\n<li style=\"font-weight: 400;\" aria-level=\"1\"><span style=\"font-weight: 400;\">\u043e\u0440\u0433\u0430\u043d\u0456\u0437\u0430\u0442\u043e\u0440 \u0437\u0430\u0431\u0435\u0437\u043f\u0435\u0447\u0443\u0454 \u0444\u0430\u0445\u043e\u0432\u0443 \u043f\u0456\u0434\u0442\u0440\u0438\u043c\u043a\u0443 \u0441\u0442\u0438\u043f\u0435\u043d\u0434\u0456\u0430\u0442\u0430 \u2014 \u043a\u043e\u043d\u0441\u0443\u043b\u044c\u0442\u0443\u0432\u0430\u043d\u043d\u044f \u0442\u0435\u043a\u0441\u0442\u0443 \u0437 \u0432\u0456\u0434\u043f\u043e\u0432\u0456\u0434\u0430\u043b\u044c\u043d\u0438\u043c \u0440\u0435\u0434\u0430\u043a\u0442\u043e\u0440\u043e\u043c \u043f\u0440\u043e\u0433\u0440\u0430\u043c\u0438;<\/span><\/li>\n<li style=\"font-weight: 400;\" aria-level=\"1\"><span style=\"font-weight: 400;\">\u043e\u0440\u0433\u0430\u043d\u0456\u0437\u0430\u0442\u043e\u0440 \u0437\u0430\u0431\u0435\u0437\u043f\u0435\u0447\u0443\u0454 \u043f\u0435\u0440\u0435\u043a\u043b\u0430\u0434\u0438 \u0442\u0435\u043a\u0441\u0442\u0456\u0432 \u043d\u0430 \u0432\u0438\u0431\u0440\u0430\u043d\u0456 \u043c\u043e\u0432\u0438 \u0426\u0435\u043d\u0442\u0440\u0430\u043b\u044c\u043d\u043e\u0457 \u0404\u0432\u0440\u043e\u043f\u0438 (\u0430\u0431\u043e \u043d\u0430 \u0430\u043d\u0433\u043b\u0456\u0439\u0441\u044c\u043a\u0443 \u043c\u043e\u0432\u0443) \u0442\u0430 \u0457\u0445\u043d\u044e \u043f\u0443\u0431\u043b\u0456\u043a\u0430\u0446\u0456\u044e \u0443 \u0432\u0430\u0436\u043b\u0438\u0432\u0438\u0445 \u0447\u0430\u0441\u043e\u043f\u0438\u0441\u0430\u0445\/\u043f\u043e\u0440\u0442\u0430\u043b\u0430\u0445, \u0449\u043e \u0441\u043f\u0456\u0432\u043f\u0440\u0430\u0446\u044e\u044e\u0442\u044c \u0456\u0437 \u043f\u0440\u043e\u0454\u043a\u0442\u043e\u043c;<\/span><\/li>\n<\/ul>\n<p><span style=\"font-weight: 400;\">\u0423 \u0440\u0430\u0437\u0456 \u043f\u0438\u0442\u0430\u043d\u044c \u0437\u0432\u0435\u0440\u0442\u0430\u0439\u0442\u0435\u0441\u044f \u0437\u0430 \u0430\u0434\u0440\u0435\u0441\u043e\u044e: <\/span><a href=\"mailto:rozstajeart@gmail.com\"><span style=\"font-weight: 400;\">rozstajeart@gmail.com<\/span><\/a><\/p>\n<p style=\"text-align: center;\"><a href=\"https:\/\/rozstaje.art\/be\/form\/\">\u0424\u041e\u0420\u041c\u0423\u041b\u042f\u0420<\/a><\/p>\n<p style=\"text-align: center;\"><a href=\"https:\/\/rozstaje.art\/be\/rehlament\/\">\u0420\u0415\u0413\u041b\u0410\u041c\u0415\u041d\u0422<\/a><\/p>\n<p><span style=\"font-weight: 400;\">\u0421\u0442\u0438\u043f\u0435\u043d\u0434\u0456\u0430\u043b\u044c\u043d\u0430 \u043f\u0440\u043e\u0433\u0440\u0430\u043c\u0430 \u0440\u0435\u0430\u043b\u0456\u0437\u0443\u0454\u0442\u044c\u0441\u044f \u0432 \u0440\u0430\u043c\u043a\u0430\u0445 \u043f\u0440\u043e\u0454\u043a\u0442\u0443 \u00abUkrainian authors for Europe. Europe for Ukrainian authors\u00bb, \u044f\u043a\u0438\u0439 \u0444\u0456\u043d\u0430\u043d\u0441\u0443\u0454\u0442\u044c\u0441\u044f \u0437 \u043a\u043e\u0448\u0442\u0456\u0432 \u041c\u0456\u0436\u043d\u0430\u0440\u043e\u0434\u043d\u043e\u0433\u043e \u0412\u0438\u0448\u0435\u0433\u0440\u0430\u0434\u0441\u044c\u043a\u043e\u0433\u043e \u0424\u043e\u043d\u0434\u0443.<\/span><\/p>\n<p><span style=\"font-weight: 400;\">\u0414\u0440\u0443\u0433\u0438\u0439 \u0442\u0443\u0440 \u0421\u0442\u0438\u043f\u0435\u043d\u0434\u0456\u0430\u043b\u044c\u043d\u043e\u0457 \u043f\u0440\u043e\u0433\u0440\u0430\u043c\u0438 \u0437\u0430\u043f\u043b\u0430\u043d\u043e\u0432\u0430\u043d\u043e \u043d\u0430 \u0433\u0440\u0443\u0434\u0435\u043d\u044c 2022 \u0440\u043e\u043a\u0443.<\/span><\/p>\n<p><span style=\"font-weight: 400;\">\u041e\u0440\u0433\u0430\u043d\u0456\u0437\u0430\u0442\u043e\u0440\u0438 \u0421\u0442\u0438\u043f\u0435\u043d\u0434\u0456\u0430\u043b\u044c\u043d\u043e\u0457 \u043f\u0440\u043e\u0433\u0440\u0430\u043c\u0438 \u2014 Stowarzyszenie Folkowisko \u0443 \u0440\u0430\u043c\u043a\u0430\u0445 \u043f\u0440\u043e\u0454\u043a\u0442\u0443 Rozstaje.art. \u041f\u0430\u0440\u0442\u043d\u0435\u0440\u0438 \u0421\u0442\u0438\u043f\u0435\u043d\u0434\u0456\u0430\u043b\u044c\u043d\u043e\u0457 \u043f\u0440\u043e\u0433\u0440\u0430\u043c\u0438: Stichting Global Voices (\u041d\u0456\u0434\u0435\u0440\u043b\u0430\u043d\u0434\u0438), Ma\u010farsk\u00fd liter\u00e1rny a umeleck\u00fd spolok na Slovensku (\u0421\u043b\u043e\u0432\u0430\u0447\u0447\u0438\u043d\u0430), Fiatal \u00cdr\u00f3k Sz\u00f6vets\u00e9ge (\u0423\u0433\u043e\u0440\u0449\u0438\u043d\u0430), \u010cesk\u00e1 asociace ukrajinist\u016f (\u0427\u0435\u0445\u0456\u044f).<\/span><\/p>\n<p><img loading=\"lazy\" class=\"size-medium wp-image-225 aligncenter\" src=\"https:\/\/rozstaje.art\/wp-content\/uploads\/2019\/07\/videgrad-300x138.png\" alt=\"\" width=\"300\" height=\"138\" \/><\/p>","protected":false},"excerpt":{"rendered":"<p>\u0417\u0430\u043f\u0440\u043e\u0448\u0443\u0454\u043c\u043e \u0412\u0430\u0441 \u0432\u0437\u044f\u0442\u0438 \u0443\u0447\u0430\u0441\u0442\u044c \u0443 \u043a\u043e\u043d\u043a\u0443\u0440\u0441\u043d\u043e\u043c\u0443 \u0434\u043e\u0431\u043e\u0440\u0456 \u0432 \u0440\u0430\u043c\u043a\u0430\u0445 \u043f\u0435\u0440\u0448\u043e\u0433\u043e \u0442\u0443\u0440\u0443 \u0441\u0442\u0438\u043f\u0435\u043d\u0434\u0456\u0430\u043b\u044c\u043d\u043e\u0457 \u043f\u0440\u043e\u0433\u0440\u0430\u043c\u0438 Rozstaje 2022, \u0441\u043a\u0435\u0440\u043e\u0432\u0430\u043d\u043e\u0433\u043e \u0434\u043e \u0443\u043a\u0440\u0430\u0457\u043d\u0441\u044c\u043a\u0438\u0445 \u0440\u0435\u043f\u043e\u0440\u0442\u0430\u0436\u0438\u0441\u0442\u0456\u0432 \u0442\u0430 \u0435\u0441\u0435\u0457\u0441\u0442\u0456\u0432 \u0423 \u043f\u0435\u0440\u0448\u043e\u043c\u0443 \u0442\u0443\u0440\u0456 \u0421\u0442\u0438\u043f\u0435\u043d\u0434\u0456\u0430\u043b\u044c\u043d\u043e\u0457 \u043f\u0440\u043e\u0433\u0440\u0430\u043c\u0438 Rozstaje 2022 \u0441\u0442\u0438\u043f\u0435\u043d\u0434\u0456\u044e \u043e\u0442\u0440\u0438\u043c\u0430\u044e\u0442\u044c 3 \u043a\u0430\u043d\u0434\u0438\u0434\u0430\u0442\u0438. \u041d\u0430\u0448\u0430 \u043c\u0435\u0442\u0430: \u0444\u0456\u043d\u0430\u043d\u0441\u043e\u0432\u0435 \u0442\u0430 \u0444\u0430\u0445\u043e\u0432\u0435 \u0441\u043f\u0440\u0438\u044f\u043d\u043d\u044f \u0443\u043a\u0440\u0430\u0457\u043d\u0441\u044c\u043a\u0438\u043c \u0440\u0435\u043f\u043e\u0440\u0442\u0430\u0436\u0438\u0441\u0442\u0430\u043c\/\u0435\u0441\u0435\u0457\u0441\u0442\u0430\u043c, \u044f\u043a\u0456 \u0443 \u0441\u0432\u043e\u0457\u0439 \u0442\u0432\u043e\u0440\u0447\u043e\u0441\u0442\u0456 \u0432\u0438\u0441\u0432\u0456\u0442\u043b\u044e\u044e\u0442\u044c \u0430\u043a\u0442\u0443\u0430\u043b\u044c\u043d\u0443 \u0441\u0443\u0441\u043f\u0456\u043b\u044c\u043d\u043e-\u043f\u043e\u043b\u0456\u0442\u0438\u0447\u043d\u0443 \u0441\u0438\u0442\u0443\u0430\u0446\u0456\u044e \u0432 \u0423\u043a\u0440\u0430\u0457\u043d\u0456; \u043f\u043e\u043f\u0443\u043b\u044f\u0440\u0438\u0437\u0430\u0446\u0456\u044f \u0437\u043d\u0430\u043d\u044c \u043f\u0440\u043e \u0423\u043a\u0440\u0430\u0457\u043d\u0443; \u0425\u0442\u043e [&hellip;]<\/p>","protected":false},"author":3,"featured_media":0,"parent":0,"menu_order":0,"comment_status":"closed","ping_status":"closed","template":"","meta":[],"yoast_head":"<!-- This site is optimized with the Yoast SEO plugin v16.6.1 - https:\/\/yoast.com\/wordpress\/plugins\/seo\/ -->\n<meta name=\"robots\" content=\"index, follow, max-snippet:-1, max-image-preview:large, max-video-preview:-1\" \/>\n<link rel=\"canonical\" href=\"https:\/\/rozstaje.art\/be\/stipendia\/\" \/>\n<meta property=\"og:locale\" content=\"en_US\" \/>\n<meta property=\"og:type\" content=\"article\" \/>\n<meta property=\"og:title\" content=\"\u0421\u0442\u0438\u043f\u0435\u043d\u0434\u0456\u044f - Rozstaje\" \/>\n<meta property=\"og:description\" content=\"\u0417\u0430\u043f\u0440\u043e\u0448\u0443\u0454\u043c\u043e \u0412\u0430\u0441 \u0432\u0437\u044f\u0442\u0438 \u0443\u0447\u0430\u0441\u0442\u044c \u0443 \u043a\u043e\u043d\u043a\u0443\u0440\u0441\u043d\u043e\u043c\u0443 \u0434\u043e\u0431\u043e\u0440\u0456 \u0432 \u0440\u0430\u043c\u043a\u0430\u0445 \u043f\u0435\u0440\u0448\u043e\u0433\u043e \u0442\u0443\u0440\u0443 \u0441\u0442\u0438\u043f\u0435\u043d\u0434\u0456\u0430\u043b\u044c\u043d\u043e\u0457 \u043f\u0440\u043e\u0433\u0440\u0430\u043c\u0438 Rozstaje 2022, \u0441\u043a\u0435\u0440\u043e\u0432\u0430\u043d\u043e\u0433\u043e \u0434\u043e \u0443\u043a\u0440\u0430\u0457\u043d\u0441\u044c\u043a\u0438\u0445 \u0440\u0435\u043f\u043e\u0440\u0442\u0430\u0436\u0438\u0441\u0442\u0456\u0432 \u0442\u0430 \u0435\u0441\u0435\u0457\u0441\u0442\u0456\u0432 \u0423 \u043f\u0435\u0440\u0448\u043e\u043c\u0443 \u0442\u0443\u0440\u0456 \u0421\u0442\u0438\u043f\u0435\u043d\u0434\u0456\u0430\u043b\u044c\u043d\u043e\u0457 \u043f\u0440\u043e\u0433\u0440\u0430\u043c\u0438 Rozstaje 2022 \u0441\u0442\u0438\u043f\u0435\u043d\u0434\u0456\u044e \u043e\u0442\u0440\u0438\u043c\u0430\u044e\u0442\u044c 3 \u043a\u0430\u043d\u0434\u0438\u0434\u0430\u0442\u0438. \u041d\u0430\u0448\u0430 \u043c\u0435\u0442\u0430: \u0444\u0456\u043d\u0430\u043d\u0441\u043e\u0432\u0435 \u0442\u0430 \u0444\u0430\u0445\u043e\u0432\u0435 \u0441\u043f\u0440\u0438\u044f\u043d\u043d\u044f \u0443\u043a\u0440\u0430\u0457\u043d\u0441\u044c\u043a\u0438\u043c \u0440\u0435\u043f\u043e\u0440\u0442\u0430\u0436\u0438\u0441\u0442\u0430\u043c\/\u0435\u0441\u0435\u0457\u0441\u0442\u0430\u043c, \u044f\u043a\u0456 \u0443 \u0441\u0432\u043e\u0457\u0439 \u0442\u0432\u043e\u0440\u0447\u043e\u0441\u0442\u0456 \u0432\u0438\u0441\u0432\u0456\u0442\u043b\u044e\u044e\u0442\u044c \u0430\u043a\u0442\u0443\u0430\u043b\u044c\u043d\u0443 \u0441\u0443\u0441\u043f\u0456\u043b\u044c\u043d\u043e-\u043f\u043e\u043b\u0456\u0442\u0438\u0447\u043d\u0443 \u0441\u0438\u0442\u0443\u0430\u0446\u0456\u044e \u0432 \u0423\u043a\u0440\u0430\u0457\u043d\u0456; \u043f\u043e\u043f\u0443\u043b\u044f\u0440\u0438\u0437\u0430\u0446\u0456\u044f \u0437\u043d\u0430\u043d\u044c \u043f\u0440\u043e \u0423\u043a\u0440\u0430\u0457\u043d\u0443; \u0425\u0442\u043e [&hellip;]\" \/>\n<meta property=\"og:url\" content=\"https:\/\/rozstaje.art\/be\/stipendia\/\" \/>\n<meta property=\"og:site_name\" content=\"Rozstaje\" \/>\n<meta property=\"article:modified_time\" content=\"2022-09-16T13:51:50+00:00\" \/>\n<meta property=\"og:image\" content=\"https:\/\/rozstaje.art\/wp-content\/uploads\/2019\/07\/videgrad-300x138.png\" \/>\n<meta name=\"twitter:card\" content=\"summary_large_image\" \/>\n<meta name=\"twitter:label1\" content=\"Est. reading time\" \/>\n\t<meta name=\"twitter:data1\" content=\"2 minutes\" \/>\n<script type=\"application\/ld+json\" class=\"yoast-schema-graph\">{\"@context\":\"https:\/\/schema.org\",\"@graph\":[{\"@type\":\"WebSite\",\"@id\":\"https:\/\/rozstaje.art\/#website\",\"url\":\"https:\/\/rozstaje.art\/\",\"name\":\"Rozstaje\",\"description\":\"Portal literacki\",\"potentialAction\":[{\"@type\":\"SearchAction\",\"target\":{\"@type\":\"EntryPoint\",\"urlTemplate\":\"https:\/\/rozstaje.art\/?s={search_term_string}\"},\"query-input\":\"required name=search_term_string\"}],\"inLanguage\":\"be\"},{\"@type\":\"ImageObject\",\"@id\":\"https:\/\/rozstaje.art\/stipendia\/#primaryimage\",\"inLanguage\":\"be\",\"url\":\"https:\/\/rozstaje.art\/wp-content\/uploads\/2019\/07\/videgrad.png\",\"contentUrl\":\"https:\/\/rozstaje.art\/wp-content\/uploads\/2019\/07\/videgrad.png\",\"width\":300,\"height\":138},{\"@type\":\"WebPage\",\"@id\":\"https:\/\/rozstaje.art\/stipendia\/#webpage\",\"url\":\"https:\/\/rozstaje.art\/stipendia\/\",\"name\":\"\\u0421\\u0442\\u0438\\u043f\\u0435\\u043d\\u0434\\u0456\\u044f - Rozstaje\",\"isPartOf\":{\"@id\":\"https:\/\/rozstaje.art\/#website\"},\"primaryImageOfPage\":{\"@id\":\"https:\/\/rozstaje.art\/stipendia\/#primaryimage\"},\"datePublished\":\"2022-09-14T08:07:12+00:00\",\"dateModified\":\"2022-09-16T13:51:50+00:00\",\"breadcrumb\":{\"@id\":\"https:\/\/rozstaje.art\/stipendia\/#breadcrumb\"},\"inLanguage\":\"be\",\"potentialAction\":[{\"@type\":\"ReadAction\",\"target\":[\"https:\/\/rozstaje.art\/stipendia\/\"]}]},{\"@type\":\"BreadcrumbList\",\"@id\":\"https:\/\/rozstaje.art\/stipendia\/#breadcrumb\",\"itemListElement\":[{\"@type\":\"ListItem\",\"position\":1,\"name\":\"Strona g\\u0142\\u00f3wna\",\"item\":\"https:\/\/rozstaje.art\/\"},{\"@type\":\"ListItem\",\"position\":2,\"name\":\"\\u0421\\u0442\\u0438\\u043f\\u0435\\u043d\\u0434\\u0456\\u044f\"}]}]}<\/script>\n<!-- \/ Yoast SEO plugin. -->","_links":{"self":[{"href":"https:\/\/rozstaje.art\/be\/wp-json\/wp\/v2\/pages\/3354"}],"collection":[{"href":"https:\/\/rozstaje.art\/be\/wp-json\/wp\/v2\/pages"}],"about":[{"href":"https:\/\/rozstaje.art\/be\/wp-json\/wp\/v2\/types\/page"}],"author":[{"embeddable":true,"href":"https:\/\/rozstaje.art\/be\/wp-json\/wp\/v2\/users\/3"}],"replies":[{"embeddable":true,"href":"https:\/\/rozstaje.art\/be\/wp-json\/wp\/v2\/comments?post=3354"}],"version-history":[{"count":9,"href":"https:\/\/rozstaje.art\/be\/wp-json\/wp\/v2\/pages\/3354\/revisions"}],"predecessor-version":[{"id":3376,"href":"https:\/\/rozstaje.art\/be\/wp-json\/wp\/v2\/pages\/3354\/revisions\/3376"}],"wp:attachment":[{"href":"https:\/\/rozstaje.art\/be\/wp-json\/wp\/v2\/media?parent=3354"}],"curies":[{"name":"wp","href":"https:\/\/api.w.org\/{rel}","templated":true}]}}