{"id":16,"date":"2019-06-19T12:52:16","date_gmt":"2019-06-19T10:52:16","guid":{"rendered":"https:\/\/rozstaje.art\/?page_id=16"},"modified":"2019-09-19T09:18:44","modified_gmt":"2019-09-19T07:18:44","slug":"kontakt","status":"publish","type":"page","link":"https:\/\/rozstaje.art\/be\/kontakt\/","title":{"rendered":"\u041a\u0430\u043d\u0442\u0430\u043a\u0442"},"content":{"rendered":"<hr \/>\n<p style=\"text-align: left;\">Jeste\u015b zainteresowany lub masz jakie\u015b pytania? Napisz na mail: translator@folkowisko.pl<\/p>\n<p>Organizacja koordynuj\u0105ca program to Stowarzyszenie Folkowisko. Nasz kontakt: stowarzyszeniefolkowisko@gmail.com<\/p>\n<p>Je\u015bli podoba Ci si\u0119 nasz portal i chcia\u0142by\u015b go wesprze\u0107, prze\u015blij nam darowizn\u0119<\/p>\n<p><em>nazwa:<\/em><strong> Stowarzyszenie Animacji Kultury Pogranicza \u201eFolkowisko\u201d<\/strong><\/p>\n<p><em>adres:<\/em>\u00a0 <strong>Gorajec 14, 37-611 Cieszan\u00f3w<\/strong><\/p>\n<p><em>nr. konta: <strong>29 1140 1081 0000 2604 2400 1001<br \/>\n<\/strong><\/em><\/p>\n<p><em>tytu\u0142 przelewu: <\/em><strong>Darowizna na <em>cele statutowe<\/em><\/strong><em> \u2013 projekt Rozstaje<br \/>\n<\/em><\/p>","protected":false},"excerpt":{"rendered":"<p>Jeste\u015b zainteresowany lub masz jakie\u015b pytania? Napisz na mail: translator@folkowisko.pl Organizacja koordynuj\u0105ca program to Stowarzyszenie Folkowisko. Nasz kontakt: stowarzyszeniefolkowisko@gmail.com Je\u015bli podoba Ci si\u0119 nasz portal i chcia\u0142by\u015b go wesprze\u0107, prze\u015blij nam darowizn\u0119 nazwa: Stowarzyszenie Animacji Kultury Pogranicza \u201eFolkowisko\u201d adres:\u00a0 Gorajec 14, 37-611 Cieszan\u00f3w nr. konta: 29 1140 1081 0000 2604 2400 1001 tytu\u0142 przelewu: Darowizna [&hellip;]<\/p>","protected":false},"author":4,"featured_media":0,"parent":0,"menu_order":0,"comment_status":"closed","ping_status":"closed","template":"","meta":[],"yoast_head":"<!-- This site is optimized with the Yoast SEO plugin v16.6.1 - https:\/\/yoast.com\/wordpress\/plugins\/seo\/ -->\n<meta name=\"robots\" content=\"index, follow, max-snippet:-1, max-image-preview:large, max-video-preview:-1\" \/>\n<link rel=\"canonical\" href=\"https:\/\/rozstaje.art\/be\/kontakt\/\" \/>\n<meta property=\"og:locale\" content=\"en_US\" \/>\n<meta property=\"og:type\" content=\"article\" \/>\n<meta property=\"og:title\" content=\"Kontakt - Rozstaje\" \/>\n<meta property=\"og:description\" content=\"Jeste\u015b zainteresowany lub masz jakie\u015b pytania? Napisz na mail: translator@folkowisko.pl Organizacja koordynuj\u0105ca program to Stowarzyszenie Folkowisko. Nasz kontakt: stowarzyszeniefolkowisko@gmail.com Je\u015bli podoba Ci si\u0119 nasz portal i chcia\u0142by\u015b go wesprze\u0107, prze\u015blij nam darowizn\u0119 nazwa: Stowarzyszenie Animacji Kultury Pogranicza \u201eFolkowisko\u201d adres:\u00a0 Gorajec 14, 37-611 Cieszan\u00f3w nr. konta: 29 1140 1081 0000 2604 2400 1001 tytu\u0142 przelewu: Darowizna [&hellip;]\" \/>\n<meta property=\"og:url\" content=\"https:\/\/rozstaje.art\/be\/kontakt\/\" \/>\n<meta property=\"og:site_name\" content=\"Rozstaje\" \/>\n<meta property=\"article:modified_time\" content=\"2019-09-19T07:18:44+00:00\" \/>\n<meta name=\"twitter:card\" content=\"summary_large_image\" \/>\n<script type=\"application\/ld+json\" class=\"yoast-schema-graph\">{\"@context\":\"https:\/\/schema.org\",\"@graph\":[{\"@type\":\"WebSite\",\"@id\":\"https:\/\/rozstaje.art\/#website\",\"url\":\"https:\/\/rozstaje.art\/\",\"name\":\"Rozstaje\",\"description\":\"Portal literacki\",\"potentialAction\":[{\"@type\":\"SearchAction\",\"target\":{\"@type\":\"EntryPoint\",\"urlTemplate\":\"https:\/\/rozstaje.art\/?s={search_term_string}\"},\"query-input\":\"required name=search_term_string\"}],\"inLanguage\":\"be\"},{\"@type\":\"WebPage\",\"@id\":\"https:\/\/rozstaje.art\/kontakt\/#webpage\",\"url\":\"https:\/\/rozstaje.art\/kontakt\/\",\"name\":\"Kontakt - Rozstaje\",\"isPartOf\":{\"@id\":\"https:\/\/rozstaje.art\/#website\"},\"datePublished\":\"2019-06-19T10:52:16+00:00\",\"dateModified\":\"2019-09-19T07:18:44+00:00\",\"breadcrumb\":{\"@id\":\"https:\/\/rozstaje.art\/kontakt\/#breadcrumb\"},\"inLanguage\":\"be\",\"potentialAction\":[{\"@type\":\"ReadAction\",\"target\":[\"https:\/\/rozstaje.art\/kontakt\/\"]}]},{\"@type\":\"BreadcrumbList\",\"@id\":\"https:\/\/rozstaje.art\/kontakt\/#breadcrumb\",\"itemListElement\":[{\"@type\":\"ListItem\",\"position\":1,\"name\":\"Strona g\\u0142\\u00f3wna\",\"item\":\"https:\/\/rozstaje.art\/\"},{\"@type\":\"ListItem\",\"position\":2,\"name\":\"Kontakt\"}]}]}<\/script>\n<!-- \/ Yoast SEO plugin. -->","_links":{"self":[{"href":"https:\/\/rozstaje.art\/be\/wp-json\/wp\/v2\/pages\/16"}],"collection":[{"href":"https:\/\/rozstaje.art\/be\/wp-json\/wp\/v2\/pages"}],"about":[{"href":"https:\/\/rozstaje.art\/be\/wp-json\/wp\/v2\/types\/page"}],"author":[{"embeddable":true,"href":"https:\/\/rozstaje.art\/be\/wp-json\/wp\/v2\/users\/4"}],"replies":[{"embeddable":true,"href":"https:\/\/rozstaje.art\/be\/wp-json\/wp\/v2\/comments?post=16"}],"version-history":[{"count":4,"href":"https:\/\/rozstaje.art\/be\/wp-json\/wp\/v2\/pages\/16\/revisions"}],"predecessor-version":[{"id":1542,"href":"https:\/\/rozstaje.art\/be\/wp-json\/wp\/v2\/pages\/16\/revisions\/1542"}],"wp:attachment":[{"href":"https:\/\/rozstaje.art\/be\/wp-json\/wp\/v2\/media?parent=16"}],"curies":[{"name":"wp","href":"https:\/\/api.w.org\/{rel}","templated":true}]}}