{"id":14,"date":"2019-06-19T12:52:16","date_gmt":"2019-06-19T10:52:16","guid":{"rendered":"https:\/\/rozstaje.art\/?page_id=14"},"modified":"2020-11-09T16:09:46","modified_gmt":"2020-11-09T15:09:46","slug":"o-stowarzyszeniu","status":"publish","type":"page","link":"https:\/\/rozstaje.art\/be\/o-stowarzyszeniu\/","title":{"rendered":"\u041f\u0440\u0430 \u043d\u0430\u0441"},"content":{"rendered":"<p>\u041f\u0430\u0440\u0442\u0430\u043b \u201c\u0420\u043e\u0441\u0442\u0430\u043d\u0456\u201d \u0437\u2019\u044f\u0432\u0456\u045e\u0441\u044f \u045e \u0432\u044b\u043d\u0456\u043a\u0443 \u043f\u0440\u0430\u0446\u044b \u0441\u0443\u043f\u043e\u043b\u044c\u043d\u0430\u0441\u0446\u0456 \u043f\u0435\u0440\u0430\u043a\u043b\u0430\u0434\u0447\u044b\u043a\u0430\u045e, \u043f\u0456\u0441\u044c\u043c\u0435\u043d\u043d\u0456\u043a\u0430\u045e \u0456 \u043a\u0443\u043b\u044c\u0442\u0443\u0440\u043e\u043b\u0430\u0433\u0430\u045e-\u0430\u043d\u0456\u043c\u0430\u0442\u0430\u0440\u0430\u045e, \u044f\u043a\u0456\u044f \u0434\u0437\u0435\u0439\u043d\u0456\u0447\u0430\u043b\u0456 \u043f\u0430\u0434 \u043f\u0430\u0442\u0440\u0430\u043d\u0430\u0436\u0430\u043c \u0422\u0430\u0432\u0430\u0440\u044b\u0441\u0442\u0432\u0430 \u0410\u043d\u0456\u043c\u0430\u0446\u044b\u0456 \u041a\u0443\u043b\u044c\u0442\u0443\u0440\u044b \u043f\u0430\u043c\u0435\u0436\u0436\u0430 \u0424\u0430\u043b\u043a\u0430\u0432\u0456\u0441\u043a\u0430<\/p>\n<p>\u0410\u0440\u0433\u0430\u043d\u0456\u0437\u0430\u0442\u0430\u0440 \u043f\u0440\u0430\u044d\u043a\u0442\u0430 \u0422\u0430\u0432\u0430\u0440\u044b\u0441\u0442\u0432\u0430 \u0424\u0430\u043b\u043a\u0430\u0432\u0456\u0441\u043a\u0430  \u0456\u0441\u043d\u0443\u0435 \u045e \u0413\u0430\u0440\u0430\u0439\u0446\u044b \u0437 2011 \u0433\u043e\u0434\u0443: \u043c\u044b \u043a\u043b\u0430\u043f\u0430\u0446\u0456\u043c\u0441\u044f \u043f\u0440\u0430 \u0434\u0440\u0430\u045e\u043d\u044f\u043d\u0443\u044e \u0446\u0430\u043a\u0440\u0432\u0443, \u0430\u0440\u0433\u0430\u043d\u0456\u0437\u043e\u045e\u0432\u0430\u0435\u043c \u0424\u0435\u0441\u0442\u044b\u0432\u0430\u043b\u044c \u0424\u0430\u043b\u043a\u0430\u0432\u0456\u0441\u043a\u0430 \u0456 \u0414\u0437\u0435\u043d\u044c \u0421\u044f\u043b\u044f\u043d\u0441\u043a\u0430\u0439 \u0421\u0432\u0430\u0431\u043e\u0434\u044b (\u0434\u0437\u0435\u043d\u044c \u0430\u0434\u043c\u0435\u043d\u044b \u043f\u0440\u044b\u0433\u043e\u043d\u0430\u0433\u0430 \u043f\u0440\u0430\u0432\u0430), \u043f\u0440\u0430\u043a\u043b\u0430\u0434\u0430\u0435\u043c \u044d\u043a\u0430-\u0441\u0446\u044f\u0436\u044b\u043d\u043a\u0456, \u0437\u0431\u0456\u0440\u0430\u0435\u043c \u0430\u043f\u0430\u0432\u044f\u0434\u0430\u043d\u043d\u0456 \u0456 \u0437\u0430\u043f\u0456\u0441\u0432\u0430\u0435\u043c \u0433\u0456\u0441\u0442\u043e\u0440\u044b\u0456. \u0422\u0430\u043a\u0441\u0430\u043c\u0430 \u043c\u044b \u0435\u0437\u0434\u0437\u0456\u043c \u043f\u0430 \u0441\u0432\u0435\u0446\u0435, \u0430\u043f\u0430\u0432\u044f\u0434\u0430\u044e\u0447\u044b \u043f\u0440\u0430 \u0441\u044f\u043b\u044f\u043d\u0441\u043a\u0443\u044e \u043a\u0443\u043b\u044c\u0442\u0443\u0440\u0443, \u0440\u044d\u0433\u0456\u044f\u043d\u0430\u043b\u0456\u0437\u043c, \u043c\u0443\u0437\u044b\u043a\u0443 \u0456 \u043b\u0456\u0442\u0430\u0440\u0430\u0442\u0443\u0440\u0443 \u043f\u0430\u043c\u0435\u0436\u0436\u0430. <a href=\"https:\/\/rozstaje.art\/be\/manifest\/\"><\/a> <a href=\"https:\/\/rozstaje.art\/be\/aktualnosc\/rozstaje-2020-relacja-z-translatorskiego-eksperymentu\/\">pod tym linkiem<\/a>.<\/p>\n<p>\u0411\u043e\u043b\u044c\u0448 \u0434\u0430\u0432\u0435\u0434\u0430\u0446\u0446\u0430 \u043f\u0440\u0430 \u043d\u0430\u0441 \u0432\u044b \u043c\u043e\u0436\u0430\u0446\u0435 \u0441\u0430 \u0441\u0442\u0430\u0440\u043e\u043d\u043a\u0456 \u0422\u0430\u0432\u0430\u0440\u044b\u0441\u0442\u0432\u0430. \u0421\u0430\u043c\u0430 \u0432\u0451\u0441\u043a\u0430, \u0443 \u044f\u043a\u0443\u044e \u043c\u044b \u0432\u0430\u0441 \u0441\u0430\u0440\u0434\u044d\u0447\u043d\u0430 \u0437\u0430\u043f\u0440\u0430\u0448\u0430\u0435\u043c, \u0437\u043d\u0430\u0445\u043e\u0434\u0437\u0456\u0446\u0446\u0430 \u0432\u0430 \u040e\u0441\u0445\u043e\u0434\u043d\u0456\u043c \u0420\u0430\u0441\u0442\u043e\u0447\u0447\u044b, \u043d\u0430 \u0441\u0430\u043c\u0430\u0439 \u043c\u044f\u0436\u044b \u0437 \u0423\u043a\u0440\u0430\u0456\u043d\u0430\u0439.<\/p>\n<p> <a href=\"http:\/\/folkowisko.pl\">Folkowisko<\/a> <\/p>\n<p> <a href=\"http:\/\/folkowisko.gorajec.info\"><\/a><\/p>\n<p><\/p>","protected":false},"excerpt":{"rendered":"<p>Portal &#8222;Rozstaje&#8221; powsta\u0142 jako rezultat dzia\u0142a\u0144 grupy t\u0142umaczy, pisarzy i animator\u00f3w kultury, kt\u00f3rzy dzia\u0142ali pod parasolem Stowarzyszenia Animacji Kultury\u00a0 ogranicza Folkowisko. Kierownikiem dzia\u0142a\u0144 by\u0142 Maciej Piotrowski, ale nie zrobi\u0142by nic bez wsparcia ca\u0142ej, dzielnie pracuj\u0105cej grupy translatorskiej, w kt\u00f3rej sk\u0142ad weszli: Natalia Tkaczyk, Weronika Gogola, Walery Butewicz, Polina Kozerenko, Paulina Ciucka, Miroslav Tomek, Mi\u0142osz Walig\u00f3rski, [&hellip;]<\/p>","protected":false},"author":4,"featured_media":0,"parent":0,"menu_order":0,"comment_status":"closed","ping_status":"closed","template":"","meta":[],"yoast_head":"<!-- This site is optimized with the Yoast SEO plugin v16.6.1 - https:\/\/yoast.com\/wordpress\/plugins\/seo\/ -->\n<meta name=\"robots\" content=\"index, follow, max-snippet:-1, max-image-preview:large, max-video-preview:-1\" \/>\n<link rel=\"canonical\" href=\"https:\/\/rozstaje.art\/be\/o-stowarzyszeniu\/\" \/>\n<meta property=\"og:locale\" content=\"en_US\" \/>\n<meta property=\"og:type\" content=\"article\" \/>\n<meta property=\"og:title\" content=\"O nas - Rozstaje\" \/>\n<meta property=\"og:description\" content=\"Portal &#8222;Rozstaje&#8221; powsta\u0142 jako rezultat dzia\u0142a\u0144 grupy t\u0142umaczy, pisarzy i animator\u00f3w kultury, kt\u00f3rzy dzia\u0142ali pod parasolem Stowarzyszenia Animacji Kultury\u00a0 ogranicza Folkowisko. Kierownikiem dzia\u0142a\u0144 by\u0142 Maciej Piotrowski, ale nie zrobi\u0142by nic bez wsparcia ca\u0142ej, dzielnie pracuj\u0105cej grupy translatorskiej, w kt\u00f3rej sk\u0142ad weszli: Natalia Tkaczyk, Weronika Gogola, Walery Butewicz, Polina Kozerenko, Paulina Ciucka, Miroslav Tomek, Mi\u0142osz Walig\u00f3rski, [&hellip;]\" \/>\n<meta property=\"og:url\" content=\"https:\/\/rozstaje.art\/be\/o-stowarzyszeniu\/\" \/>\n<meta property=\"og:site_name\" content=\"Rozstaje\" \/>\n<meta property=\"article:modified_time\" content=\"2020-11-09T15:09:46+00:00\" \/>\n<meta name=\"twitter:card\" content=\"summary_large_image\" \/>\n<meta name=\"twitter:label1\" content=\"Est. reading time\" \/>\n\t<meta name=\"twitter:data1\" content=\"2 minutes\" \/>\n<script type=\"application\/ld+json\" class=\"yoast-schema-graph\">{\"@context\":\"https:\/\/schema.org\",\"@graph\":[{\"@type\":\"WebSite\",\"@id\":\"https:\/\/rozstaje.art\/#website\",\"url\":\"https:\/\/rozstaje.art\/\",\"name\":\"Rozstaje\",\"description\":\"Portal literacki\",\"potentialAction\":[{\"@type\":\"SearchAction\",\"target\":{\"@type\":\"EntryPoint\",\"urlTemplate\":\"https:\/\/rozstaje.art\/?s={search_term_string}\"},\"query-input\":\"required name=search_term_string\"}],\"inLanguage\":\"be\"},{\"@type\":\"WebPage\",\"@id\":\"https:\/\/rozstaje.art\/o-stowarzyszeniu\/#webpage\",\"url\":\"https:\/\/rozstaje.art\/o-stowarzyszeniu\/\",\"name\":\"O nas - Rozstaje\",\"isPartOf\":{\"@id\":\"https:\/\/rozstaje.art\/#website\"},\"datePublished\":\"2019-06-19T10:52:16+00:00\",\"dateModified\":\"2020-11-09T15:09:46+00:00\",\"breadcrumb\":{\"@id\":\"https:\/\/rozstaje.art\/o-stowarzyszeniu\/#breadcrumb\"},\"inLanguage\":\"be\",\"potentialAction\":[{\"@type\":\"ReadAction\",\"target\":[\"https:\/\/rozstaje.art\/o-stowarzyszeniu\/\"]}]},{\"@type\":\"BreadcrumbList\",\"@id\":\"https:\/\/rozstaje.art\/o-stowarzyszeniu\/#breadcrumb\",\"itemListElement\":[{\"@type\":\"ListItem\",\"position\":1,\"name\":\"Strona g\\u0142\\u00f3wna\",\"item\":\"https:\/\/rozstaje.art\/\"},{\"@type\":\"ListItem\",\"position\":2,\"name\":\"O nas\"}]}]}<\/script>\n<!-- \/ Yoast SEO plugin. -->","_links":{"self":[{"href":"https:\/\/rozstaje.art\/be\/wp-json\/wp\/v2\/pages\/14"}],"collection":[{"href":"https:\/\/rozstaje.art\/be\/wp-json\/wp\/v2\/pages"}],"about":[{"href":"https:\/\/rozstaje.art\/be\/wp-json\/wp\/v2\/types\/page"}],"author":[{"embeddable":true,"href":"https:\/\/rozstaje.art\/be\/wp-json\/wp\/v2\/users\/4"}],"replies":[{"embeddable":true,"href":"https:\/\/rozstaje.art\/be\/wp-json\/wp\/v2\/comments?post=14"}],"version-history":[{"count":7,"href":"https:\/\/rozstaje.art\/be\/wp-json\/wp\/v2\/pages\/14\/revisions"}],"predecessor-version":[{"id":2231,"href":"https:\/\/rozstaje.art\/be\/wp-json\/wp\/v2\/pages\/14\/revisions\/2231"}],"wp:attachment":[{"href":"https:\/\/rozstaje.art\/be\/wp-json\/wp\/v2\/media?parent=14"}],"curies":[{"name":"wp","href":"https:\/\/api.w.org\/{rel}","templated":true}]}}